{"id":1163,"date":"2023-12-24T11:26:29","date_gmt":"2023-12-24T10:26:29","guid":{"rendered":"https:\/\/halle-bo-marche.com\/?page_id=1163"},"modified":"2024-01-08T16:03:34","modified_gmt":"2024-01-08T15:03:34","slug":"politique-de-confidentialites","status":"publish","type":"page","link":"https:\/\/halle-bo-marche.com\/index.php\/politique-de-confidentialites\/","title":{"rendered":"Politique de Confidentialit\u00e9s"},"content":{"rendered":"\t\t<div data-elementor-type=\"wp-page\" data-elementor-id=\"1163\" class=\"elementor elementor-1163\">\n\t\t\t\t<div class=\"elementor-element elementor-element-1b4c926 e-con-full e-flex e-con e-parent\" data-id=\"1b4c926\" data-element_type=\"container\" data-e-type=\"container\">\n\t\t<div class=\"elementor-element elementor-element-acaba2b e-con-full e-flex e-con e-child\" data-id=\"acaba2b\" data-element_type=\"container\" data-e-type=\"container\">\n\t\t\t\t<div class=\"elementor-element elementor-element-908d4aa elementor-widget elementor-widget-heading\" data-id=\"908d4aa\" data-element_type=\"widget\" data-e-type=\"widget\" data-widget_type=\"heading.default\">\n\t\t\t\t<div class=\"elementor-widget-container\">\n\t\t\t\t\t<h1 class=\"elementor-heading-title elementor-size-default\">Politique de Confidentialit\u00e9<\/h1>\t\t\t\t<\/div>\n\t\t\t\t<\/div>\n\t\t\t\t<div class=\"elementor-element elementor-element-df71840 elementor-widget elementor-widget-heading\" data-id=\"df71840\" data-element_type=\"widget\" data-e-type=\"widget\" data-widget_type=\"heading.default\">\n\t\t\t\t<div class=\"elementor-widget-container\">\n\t\t\t\t\t<h2 class=\"elementor-heading-title elementor-size-default\">ARTICLE 1 : COLLECTE DE VOS INFORMATIONS<\/h2>\t\t\t\t<\/div>\n\t\t\t\t<\/div>\n\t\t\t\t<div class=\"elementor-element elementor-element-d1df20c elementor-widget elementor-widget-text-editor\" data-id=\"d1df20c\" data-element_type=\"widget\" data-e-type=\"widget\" data-widget_type=\"text-editor.default\">\n\t\t\t\t<div class=\"elementor-widget-container\">\n\t\t\t\t\t\t\t\t\t<p><strong><span style=\"color: #000000;\">Nous recueillons des informations lorsque vous remplissez nos formulaires de contact.<\/span><\/strong><\/p><p><strong><span style=\"color: #000000;\">Nous pouvons r\u00e9colter les informations suivantes :<\/span><\/strong><\/p><p><strong><span style=\"color: #000000;\">votre pr\u00e9nom ;<\/span><\/strong><br \/><strong><span style=\"color: #000000;\">votre nom ;<\/span><\/strong><br \/><strong><span style=\"color: #000000;\">votre adresse e-mail ;<\/span><\/strong><br \/><strong><span style=\"color: #000000;\">votre num\u00e9ro de t\u00e9l\u00e9phone ;<\/span><\/strong><br \/><strong><span style=\"color: #000000;\">En outre, nous pouvons recevoir et enregistrer automatiquement des informations \u00e0 partir de votre ordinateur et navigateur, y compris votre adresse IP, vos logiciels et votre mat\u00e9riel, et la page que vous demandez selon vos pr\u00e9f\u00e9rences cookies que vous avez s\u00e9lectionn\u00e9 via notre bandeau.<\/span><\/strong><\/p>\t\t\t\t\t\t\t\t<\/div>\n\t\t\t\t<\/div>\n\t\t\t\t<div class=\"elementor-element elementor-element-7b9822c elementor-widget elementor-widget-heading\" data-id=\"7b9822c\" data-element_type=\"widget\" data-e-type=\"widget\" data-widget_type=\"heading.default\">\n\t\t\t\t<div class=\"elementor-widget-container\">\n\t\t\t\t\t<h2 class=\"elementor-heading-title elementor-size-default\">ARTICLE 2 : UTILISATION DE VOS INFORMATIONS<\/h2>\t\t\t\t<\/div>\n\t\t\t\t<\/div>\n\t\t\t\t<div class=\"elementor-element elementor-element-d7cbcb3 elementor-widget elementor-widget-text-editor\" data-id=\"d7cbcb3\" data-element_type=\"widget\" data-e-type=\"widget\" data-widget_type=\"text-editor.default\">\n\t\t\t\t<div class=\"elementor-widget-container\">\n\t\t\t\t\t\t\t\t\t<p><strong><span style=\"color: #000000;\">Toutes les informations que nous recueillons de votre part peuvent \u00eatre utilis\u00e9es pour :<\/span><\/strong><\/p><p><strong><span style=\"color: #000000;\">Vous contacter de mani\u00e8re plus efficace ;<\/span><\/strong><br \/><strong><span style=\"color: #000000;\">Collecter et \u00e9tablir des statistiques pour am\u00e9liorer nos campagnes marketing et webmarketing ;<\/span><\/strong><br \/><strong><span style=\"color: #000000;\">Personnaliser votre exp\u00e9rience et r\u00e9pondre \u00e0 vos besoins individuels.<\/span><\/strong><\/p>\t\t\t\t\t\t\t\t<\/div>\n\t\t\t\t<\/div>\n\t\t\t\t<div class=\"elementor-element elementor-element-6bd4712 elementor-widget elementor-widget-heading\" data-id=\"6bd4712\" data-element_type=\"widget\" data-e-type=\"widget\" data-widget_type=\"heading.default\">\n\t\t\t\t<div class=\"elementor-widget-container\">\n\t\t\t\t\t<h2 class=\"elementor-heading-title elementor-size-default\">ARTICLE 3 : CONFIDENTIALITE DE VOS DONNEES<\/h2>\t\t\t\t<\/div>\n\t\t\t\t<\/div>\n\t\t\t\t<div class=\"elementor-element elementor-element-acce2b4 elementor-widget elementor-widget-text-editor\" data-id=\"acce2b4\" data-element_type=\"widget\" data-e-type=\"widget\" data-widget_type=\"text-editor.default\">\n\t\t\t\t<div class=\"elementor-widget-container\">\n\t\t\t\t\t\t\t\t\t<p><strong><span style=\"color: #000000;\">Nous sommes les seuls propri\u00e9taires des informations recueillies sur notre site. Vos informations personnelles ne seront pas vendues, \u00e9chang\u00e9es, transf\u00e9r\u00e9es, ou donn\u00e9es \u00e0 une autre soci\u00e9t\u00e9 pour n\u2019importe quelle raison, sans votre consentement.<\/span><\/strong><\/p>\t\t\t\t\t\t\t\t<\/div>\n\t\t\t\t<\/div>\n\t\t\t\t<div class=\"elementor-element elementor-element-29e49d7 elementor-widget elementor-widget-heading\" data-id=\"29e49d7\" data-element_type=\"widget\" data-e-type=\"widget\" data-widget_type=\"heading.default\">\n\t\t\t\t<div class=\"elementor-widget-container\">\n\t\t\t\t\t<h2 class=\"elementor-heading-title elementor-size-default\">ARTICLE 4 : DIVULGATION A DES TIERS<\/h2>\t\t\t\t<\/div>\n\t\t\t\t<\/div>\n\t\t\t\t<div class=\"elementor-element elementor-element-8316e31 elementor-widget elementor-widget-text-editor\" data-id=\"8316e31\" data-element_type=\"widget\" data-e-type=\"widget\" data-widget_type=\"text-editor.default\">\n\t\t\t\t<div class=\"elementor-widget-container\">\n\t\t\t\t\t\t\t\t\t<p><span style=\"color: #000000;\"><strong>Nous ne vendons, n\u2019\u00e9changeons et ne transf\u00e9rons pas vos informations personnelles identifiables \u00e0 des tiers. Cela ne comprend pas les tierce parties de confiance qui nous aident \u00e0 exploiter notre site web ou \u00e0 mener nos affaires, tant que ces parties conviennent de garder ces informations confidentielles.<\/strong><\/span><\/p>\t\t\t\t\t\t\t\t<\/div>\n\t\t\t\t<\/div>\n\t\t\t\t<div class=\"elementor-element elementor-element-5ed6dae elementor-widget elementor-widget-heading\" data-id=\"5ed6dae\" data-element_type=\"widget\" data-e-type=\"widget\" data-widget_type=\"heading.default\">\n\t\t\t\t<div class=\"elementor-widget-container\">\n\t\t\t\t\t<h2 class=\"elementor-heading-title elementor-size-default\">ARTICLE 5 : PROTECTION DE VOS INFORMATIONS<\/h2>\t\t\t\t<\/div>\n\t\t\t\t<\/div>\n\t\t\t\t<div class=\"elementor-element elementor-element-fe2d4bf elementor-widget elementor-widget-text-editor\" data-id=\"fe2d4bf\" data-element_type=\"widget\" data-e-type=\"widget\" data-widget_type=\"text-editor.default\">\n\t\t\t\t<div class=\"elementor-widget-container\">\n\t\t\t\t\t\t\t\t\t<p><span style=\"color: #000000;\"><strong>Nous mettons en \u0153uvre une vari\u00e9t\u00e9 de mesures de s\u00e9curit\u00e9 pour pr\u00e9server la s\u00e9curit\u00e9 de vos informations personnelles. Nous utilisons un cryptage \u00e0 la pointe de la technologie pour prot\u00e9ger les informations sensibles transmises en ligne. Notre site internet poss\u00e8de bien entendu un Certificat SSL (Secure Socket Layer).<\/strong><\/span><\/p><p><span style=\"color: #000000;\"><strong>Nous prot\u00e9geons \u00e9galement vos informations hors ligne. Seuls membres autoris\u00e9s de l\u2019entreprise qui ont besoin d\u2019effectuer un travail sp\u00e9cifique (par exemple, la facturation ou le service aux membres) ont acc\u00e8s aux informations personnelles identifiables. Les ordinateurs et serveurs utilis\u00e9s pour stocker des informations personnelles identifiables sont conserv\u00e9s dans un environnement s\u00e9curis\u00e9 par notre h\u00e9bergeur.<\/strong><\/span><\/p>\t\t\t\t\t\t\t\t<\/div>\n\t\t\t\t<\/div>\n\t\t\t\t<div class=\"elementor-element elementor-element-d78d149 elementor-widget elementor-widget-heading\" data-id=\"d78d149\" data-element_type=\"widget\" data-e-type=\"widget\" data-widget_type=\"heading.default\">\n\t\t\t\t<div class=\"elementor-widget-container\">\n\t\t\t\t\t<h2 class=\"elementor-heading-title elementor-size-default\">ARTICLE 6 : COPIE OU SUPPRESSION DE VOS INFORMATIONS<\/h2>\t\t\t\t<\/div>\n\t\t\t\t<\/div>\n\t\t\t\t<div class=\"elementor-element elementor-element-9283258 elementor-widget elementor-widget-text-editor\" data-id=\"9283258\" data-element_type=\"widget\" data-e-type=\"widget\" data-widget_type=\"text-editor.default\">\n\t\t\t\t<div class=\"elementor-widget-container\">\n\t\t\t\t\t\t\t\t\t<p><span style=\"color: #000000;\"><strong>Nous stockons les donn\u00e9es transmises via nos diff\u00e9rents formulaires de contact.<\/strong><\/span><\/p><p><span style=\"color: #000000;\"><strong>Cependant, vous avez la possibilit\u00e9 de nous contacter par e-mail \u00e0 contact@halle-bo-marche.com ou par t\u00e9l\u00e9phone au 06 51 20 19 72 pour toute demande de copie ou de suppression de vos donn\u00e9es personnelles que nous stockons.<\/strong><\/span><\/p>\t\t\t\t\t\t\t\t<\/div>\n\t\t\t\t<\/div>\n\t\t\t\t<div class=\"elementor-element elementor-element-23c3d70 elementor-widget elementor-widget-heading\" data-id=\"23c3d70\" data-element_type=\"widget\" data-e-type=\"widget\" data-widget_type=\"heading.default\">\n\t\t\t\t<div class=\"elementor-widget-container\">\n\t\t\t\t\t<h2 class=\"elementor-heading-title elementor-size-default\">ARTICLE 7 : POLITIQUE DE L\u2019HEBERGEUR<\/h2>\t\t\t\t<\/div>\n\t\t\t\t<\/div>\n\t\t\t\t<div class=\"elementor-element elementor-element-4343ce5 elementor-widget elementor-widget-text-editor\" data-id=\"4343ce5\" data-element_type=\"widget\" data-e-type=\"widget\" data-widget_type=\"text-editor.default\">\n\t\t\t\t<div class=\"elementor-widget-container\">\n\t\t\t\t\t\t\t\t\t<p><span style=\"color: #000000;\"><strong>Notre h\u00e9bergeur poss\u00e8de sa propre politique de confidentialit\u00e9 concernant l\u2019utilisation de vos donn\u00e9es que vous pouvez consulter en tout temps la Politique de Confidentialit\u00e9 (hostinger.fr)<\/strong><\/span><\/p>\t\t\t\t\t\t\t\t<\/div>\n\t\t\t\t<\/div>\n\t\t\t\t<div class=\"elementor-element elementor-element-3439b69 elementor-widget elementor-widget-heading\" data-id=\"3439b69\" data-element_type=\"widget\" data-e-type=\"widget\" data-widget_type=\"heading.default\">\n\t\t\t\t<div class=\"elementor-widget-container\">\n\t\t\t\t\t<h2 class=\"elementor-heading-title elementor-size-default\">ARTICLE 8: CONSENTEMENT A NOTRE POLITIQUE<\/h2>\t\t\t\t<\/div>\n\t\t\t\t<\/div>\n\t\t\t\t<div class=\"elementor-element elementor-element-981a22b elementor-widget elementor-widget-text-editor\" data-id=\"981a22b\" data-element_type=\"widget\" data-e-type=\"widget\" data-widget_type=\"text-editor.default\">\n\t\t\t\t<div class=\"elementor-widget-container\">\n\t\t\t\t\t\t\t\t\t<p><span style=\"color: #000000;\"><strong>En utilisant notre site, vous consentez \u00e0 notre politique de confidentialit\u00e9 et que celle-ci puisse \u00eatre modifi\u00e9e en tout temps par l\u2019\u00e9diteur.<\/strong><\/span><\/p>\t\t\t\t\t\t\t\t<\/div>\n\t\t\t\t<\/div>\n\t\t\t\t<\/div>\n\t\t\t\t<\/div>\n\t\t\t\t<\/div>\n\t\t","protected":false},"excerpt":{"rendered":"<p>Politique de Confidentialit\u00e9 ARTICLE 1 : COLLECTE DE VOS INFORMATIONS Nous recueillons des informations lorsque vous remplissez nos formulaires de contact. Nous pouvons r\u00e9colter les informations suivantes : votre pr\u00e9nom ;votre nom ;votre adresse e-mail ;votre num\u00e9ro de t\u00e9l\u00e9phone ;En outre, nous pouvons recevoir et enregistrer automatiquement des informations \u00e0 partir de votre ordinateur et [&hellip;]<\/p>\n","protected":false},"author":1,"featured_media":0,"parent":0,"menu_order":0,"comment_status":"closed","ping_status":"closed","template":"","meta":{"_uag_custom_page_level_css":"","site-sidebar-layout":"no-sidebar","site-content-layout":"page-builder","ast-site-content-layout":"full-width-container","site-content-style":"default","site-sidebar-style":"default","ast-global-header-display":"","ast-banner-title-visibility":"","ast-main-header-display":"","ast-hfb-above-header-display":"","ast-hfb-below-header-display":"","ast-hfb-mobile-header-display":"","site-post-title":"disabled","ast-breadcrumbs-content":"","ast-featured-img":"disabled","footer-sml-layout":"","ast-disable-related-posts":"","theme-transparent-header-meta":"","adv-header-id-meta":"","stick-header-meta":"","header-above-stick-meta":"","header-main-stick-meta":"","header-below-stick-meta":"","astra-migrate-meta-layouts":"default","ast-page-background-enabled":"default","ast-page-background-meta":{"desktop":{"background-color":"","background-image":"","background-repeat":"repeat","background-position":"center center","background-size":"auto","background-attachment":"scroll","background-type":"","background-media":"","overlay-type":"","overlay-color":"","overlay-opacity":"","overlay-gradient":""},"tablet":{"background-color":"","background-image":"","background-repeat":"repeat","background-position":"center center","background-size":"auto","background-attachment":"scroll","background-type":"","background-media":"","overlay-type":"","overlay-color":"","overlay-opacity":"","overlay-gradient":""},"mobile":{"background-color":"","background-image":"","background-repeat":"repeat","background-position":"center center","background-size":"auto","background-attachment":"scroll","background-type":"","background-media":"","overlay-type":"","overlay-color":"","overlay-opacity":"","overlay-gradient":""}},"ast-content-background-meta":{"desktop":{"background-color":"var(--ast-global-color-5)","background-image":"","background-repeat":"repeat","background-position":"center center","background-size":"auto","background-attachment":"scroll","background-type":"","background-media":"","overlay-type":"","overlay-color":"","overlay-opacity":"","overlay-gradient":""},"tablet":{"background-color":"var(--ast-global-color-5)","background-image":"","background-repeat":"repeat","background-position":"center center","background-size":"auto","background-attachment":"scroll","background-type":"","background-media":"","overlay-type":"","overlay-color":"","overlay-opacity":"","overlay-gradient":""},"mobile":{"background-color":"var(--ast-global-color-5)","background-image":"","background-repeat":"repeat","background-position":"center center","background-size":"auto","background-attachment":"scroll","background-type":"","background-media":"","overlay-type":"","overlay-color":"","overlay-opacity":"","overlay-gradient":""}},"footnotes":""},"class_list":["post-1163","page","type-page","status-publish","hentry"],"yoast_head":"<!-- This site is optimized with the Yoast SEO plugin v27.5 - https:\/\/yoast.com\/product\/yoast-seo-wordpress\/ -->\n<title>Politique de Confidentialit\u00e9s - Les Halles B\u00f4-March\u00e9<\/title>\n<meta name=\"robots\" content=\"index, follow, max-snippet:-1, max-image-preview:large, max-video-preview:-1\" \/>\n<link rel=\"canonical\" href=\"https:\/\/halle-bo-marche.com\/index.php\/politique-de-confidentialites\/\" \/>\n<meta property=\"og:locale\" content=\"fr_FR\" \/>\n<meta property=\"og:type\" content=\"article\" \/>\n<meta property=\"og:title\" content=\"Politique de Confidentialit\u00e9s - Les Halles B\u00f4-March\u00e9\" \/>\n<meta property=\"og:description\" content=\"Politique de Confidentialit\u00e9 ARTICLE 1 : COLLECTE DE VOS INFORMATIONS Nous recueillons des informations lorsque vous remplissez nos formulaires de contact. Nous pouvons r\u00e9colter les informations suivantes : votre pr\u00e9nom ;votre nom ;votre adresse e-mail ;votre num\u00e9ro de t\u00e9l\u00e9phone ;En outre, nous pouvons recevoir et enregistrer automatiquement des informations \u00e0 partir de votre ordinateur et [&hellip;]\" \/>\n<meta property=\"og:url\" content=\"https:\/\/halle-bo-marche.com\/index.php\/politique-de-confidentialites\/\" \/>\n<meta property=\"og:site_name\" content=\"Les Halles B\u00f4-March\u00e9\" \/>\n<meta property=\"article:modified_time\" content=\"2024-01-08T15:03:34+00:00\" \/>\n<meta name=\"twitter:card\" content=\"summary_large_image\" \/>\n<meta name=\"twitter:label1\" content=\"Dur\u00e9e de lecture estim\u00e9e\" \/>\n\t<meta name=\"twitter:data1\" content=\"3 minutes\" \/>\n<script type=\"application\/ld+json\" class=\"yoast-schema-graph\">{\"@context\":\"https:\\\/\\\/schema.org\",\"@graph\":[{\"@type\":\"WebPage\",\"@id\":\"https:\\\/\\\/halle-bo-marche.com\\\/index.php\\\/politique-de-confidentialites\\\/\",\"url\":\"https:\\\/\\\/halle-bo-marche.com\\\/index.php\\\/politique-de-confidentialites\\\/\",\"name\":\"Politique de Confidentialit\u00e9s - Les Halles B\u00f4-March\u00e9\",\"isPartOf\":{\"@id\":\"https:\\\/\\\/halle-bo-marche.com\\\/#website\"},\"datePublished\":\"2023-12-24T10:26:29+00:00\",\"dateModified\":\"2024-01-08T15:03:34+00:00\",\"breadcrumb\":{\"@id\":\"https:\\\/\\\/halle-bo-marche.com\\\/index.php\\\/politique-de-confidentialites\\\/#breadcrumb\"},\"inLanguage\":\"fr-FR\",\"potentialAction\":[{\"@type\":\"ReadAction\",\"target\":[\"https:\\\/\\\/halle-bo-marche.com\\\/index.php\\\/politique-de-confidentialites\\\/\"]}]},{\"@type\":\"BreadcrumbList\",\"@id\":\"https:\\\/\\\/halle-bo-marche.com\\\/index.php\\\/politique-de-confidentialites\\\/#breadcrumb\",\"itemListElement\":[{\"@type\":\"ListItem\",\"position\":1,\"name\":\"Accueil\",\"item\":\"https:\\\/\\\/halle-bo-marche.com\\\/\"},{\"@type\":\"ListItem\",\"position\":2,\"name\":\"Politique de Confidentialit\u00e9s\"}]},{\"@type\":\"WebSite\",\"@id\":\"https:\\\/\\\/halle-bo-marche.com\\\/#website\",\"url\":\"https:\\\/\\\/halle-bo-marche.com\\\/\",\"name\":\"Les Halles B\u00f4-March\u00e9\",\"description\":\"Un espace convivial\",\"publisher\":{\"@id\":\"https:\\\/\\\/halle-bo-marche.com\\\/#organization\"},\"potentialAction\":[{\"@type\":\"SearchAction\",\"target\":{\"@type\":\"EntryPoint\",\"urlTemplate\":\"https:\\\/\\\/halle-bo-marche.com\\\/?s={search_term_string}\"},\"query-input\":{\"@type\":\"PropertyValueSpecification\",\"valueRequired\":true,\"valueName\":\"search_term_string\"}}],\"inLanguage\":\"fr-FR\"},{\"@type\":\"Organization\",\"@id\":\"https:\\\/\\\/halle-bo-marche.com\\\/#organization\",\"name\":\"Les Halles B\u00f4-March\u00e9\",\"url\":\"https:\\\/\\\/halle-bo-marche.com\\\/\",\"logo\":{\"@type\":\"ImageObject\",\"inLanguage\":\"fr-FR\",\"@id\":\"https:\\\/\\\/halle-bo-marche.com\\\/#\\\/schema\\\/logo\\\/image\\\/\",\"url\":\"https:\\\/\\\/halle-bo-marche.com\\\/wp-content\\\/uploads\\\/2025\\\/10\\\/cropped-cropped-Restaurant__5_-removebg-preview.png\",\"contentUrl\":\"https:\\\/\\\/halle-bo-marche.com\\\/wp-content\\\/uploads\\\/2025\\\/10\\\/cropped-cropped-Restaurant__5_-removebg-preview.png\",\"width\":318,\"height\":316,\"caption\":\"Les Halles B\u00f4-March\u00e9\"},\"image\":{\"@id\":\"https:\\\/\\\/halle-bo-marche.com\\\/#\\\/schema\\\/logo\\\/image\\\/\"}}]}<\/script>\n<!-- \/ Yoast SEO plugin. -->","yoast_head_json":{"title":"Politique de Confidentialit\u00e9s - Les Halles B\u00f4-March\u00e9","robots":{"index":"index","follow":"follow","max-snippet":"max-snippet:-1","max-image-preview":"max-image-preview:large","max-video-preview":"max-video-preview:-1"},"canonical":"https:\/\/halle-bo-marche.com\/index.php\/politique-de-confidentialites\/","og_locale":"fr_FR","og_type":"article","og_title":"Politique de Confidentialit\u00e9s - Les Halles B\u00f4-March\u00e9","og_description":"Politique de Confidentialit\u00e9 ARTICLE 1 : COLLECTE DE VOS INFORMATIONS Nous recueillons des informations lorsque vous remplissez nos formulaires de contact. Nous pouvons r\u00e9colter les informations suivantes : votre pr\u00e9nom ;votre nom ;votre adresse e-mail ;votre num\u00e9ro de t\u00e9l\u00e9phone ;En outre, nous pouvons recevoir et enregistrer automatiquement des informations \u00e0 partir de votre ordinateur et [&hellip;]","og_url":"https:\/\/halle-bo-marche.com\/index.php\/politique-de-confidentialites\/","og_site_name":"Les Halles B\u00f4-March\u00e9","article_modified_time":"2024-01-08T15:03:34+00:00","twitter_card":"summary_large_image","twitter_misc":{"Dur\u00e9e de lecture estim\u00e9e":"3 minutes"},"schema":{"@context":"https:\/\/schema.org","@graph":[{"@type":"WebPage","@id":"https:\/\/halle-bo-marche.com\/index.php\/politique-de-confidentialites\/","url":"https:\/\/halle-bo-marche.com\/index.php\/politique-de-confidentialites\/","name":"Politique de Confidentialit\u00e9s - Les Halles B\u00f4-March\u00e9","isPartOf":{"@id":"https:\/\/halle-bo-marche.com\/#website"},"datePublished":"2023-12-24T10:26:29+00:00","dateModified":"2024-01-08T15:03:34+00:00","breadcrumb":{"@id":"https:\/\/halle-bo-marche.com\/index.php\/politique-de-confidentialites\/#breadcrumb"},"inLanguage":"fr-FR","potentialAction":[{"@type":"ReadAction","target":["https:\/\/halle-bo-marche.com\/index.php\/politique-de-confidentialites\/"]}]},{"@type":"BreadcrumbList","@id":"https:\/\/halle-bo-marche.com\/index.php\/politique-de-confidentialites\/#breadcrumb","itemListElement":[{"@type":"ListItem","position":1,"name":"Accueil","item":"https:\/\/halle-bo-marche.com\/"},{"@type":"ListItem","position":2,"name":"Politique de Confidentialit\u00e9s"}]},{"@type":"WebSite","@id":"https:\/\/halle-bo-marche.com\/#website","url":"https:\/\/halle-bo-marche.com\/","name":"Les Halles B\u00f4-March\u00e9","description":"Un espace convivial","publisher":{"@id":"https:\/\/halle-bo-marche.com\/#organization"},"potentialAction":[{"@type":"SearchAction","target":{"@type":"EntryPoint","urlTemplate":"https:\/\/halle-bo-marche.com\/?s={search_term_string}"},"query-input":{"@type":"PropertyValueSpecification","valueRequired":true,"valueName":"search_term_string"}}],"inLanguage":"fr-FR"},{"@type":"Organization","@id":"https:\/\/halle-bo-marche.com\/#organization","name":"Les Halles B\u00f4-March\u00e9","url":"https:\/\/halle-bo-marche.com\/","logo":{"@type":"ImageObject","inLanguage":"fr-FR","@id":"https:\/\/halle-bo-marche.com\/#\/schema\/logo\/image\/","url":"https:\/\/halle-bo-marche.com\/wp-content\/uploads\/2025\/10\/cropped-cropped-Restaurant__5_-removebg-preview.png","contentUrl":"https:\/\/halle-bo-marche.com\/wp-content\/uploads\/2025\/10\/cropped-cropped-Restaurant__5_-removebg-preview.png","width":318,"height":316,"caption":"Les Halles B\u00f4-March\u00e9"},"image":{"@id":"https:\/\/halle-bo-marche.com\/#\/schema\/logo\/image\/"}}]}},"uagb_featured_image_src":{"full":false,"thumbnail":false,"medium":false,"medium_large":false,"large":false,"1536x1536":false,"2048x2048":false},"uagb_author_info":{"display_name":"wangalexjia","author_link":"https:\/\/halle-bo-marche.com\/index.php\/author\/wangalexjia\/"},"uagb_comment_info":0,"uagb_excerpt":"Politique de Confidentialit\u00e9 ARTICLE 1 : COLLECTE DE VOS INFORMATIONS Nous recueillons des informations lorsque vous remplissez nos formulaires de contact. Nous pouvons r\u00e9colter les informations suivantes : votre pr\u00e9nom ;votre nom ;votre adresse e-mail ;votre num\u00e9ro de t\u00e9l\u00e9phone ;En outre, nous pouvons recevoir et enregistrer automatiquement des informations \u00e0 partir de votre ordinateur et\u2026","_links":{"self":[{"href":"https:\/\/halle-bo-marche.com\/index.php\/wp-json\/wp\/v2\/pages\/1163","targetHints":{"allow":["GET"]}}],"collection":[{"href":"https:\/\/halle-bo-marche.com\/index.php\/wp-json\/wp\/v2\/pages"}],"about":[{"href":"https:\/\/halle-bo-marche.com\/index.php\/wp-json\/wp\/v2\/types\/page"}],"author":[{"embeddable":true,"href":"https:\/\/halle-bo-marche.com\/index.php\/wp-json\/wp\/v2\/users\/1"}],"replies":[{"embeddable":true,"href":"https:\/\/halle-bo-marche.com\/index.php\/wp-json\/wp\/v2\/comments?post=1163"}],"version-history":[{"count":13,"href":"https:\/\/halle-bo-marche.com\/index.php\/wp-json\/wp\/v2\/pages\/1163\/revisions"}],"predecessor-version":[{"id":1327,"href":"https:\/\/halle-bo-marche.com\/index.php\/wp-json\/wp\/v2\/pages\/1163\/revisions\/1327"}],"wp:attachment":[{"href":"https:\/\/halle-bo-marche.com\/index.php\/wp-json\/wp\/v2\/media?parent=1163"}],"curies":[{"name":"wp","href":"https:\/\/api.w.org\/{rel}","templated":true}]}}