{"id":1162,"date":"2023-12-24T11:26:29","date_gmt":"2023-12-24T10:26:29","guid":{"rendered":"https:\/\/halle-bo-marche.com\/?page_id=1162"},"modified":"2024-01-08T11:38:45","modified_gmt":"2024-01-08T10:38:45","slug":"mentions-legales","status":"publish","type":"page","link":"https:\/\/halle-bo-marche.com\/index.php\/mentions-legales\/","title":{"rendered":"Mentions L\u00e9gales"},"content":{"rendered":"<style>\/*! elementor - v3.18.0 - 20-12-2023 *\/\n.elementor-heading-title{padding:0;margin:0;line-height:1}.elementor-widget-heading .elementor-heading-title[class*=elementor-size-]>a{color:inherit;font-size:inherit;line-height:inherit}.elementor-widget-heading .elementor-heading-title.elementor-size-small{font-size:15px}.elementor-widget-heading .elementor-heading-title.elementor-size-medium{font-size:19px}.elementor-widget-heading .elementor-heading-title.elementor-size-large{font-size:29px}.elementor-widget-heading .elementor-heading-title.elementor-size-xl{font-size:39px}.elementor-widget-heading .elementor-heading-title.elementor-size-xxl{font-size:59px}<\/style>\n<h1>Mentions L\u00e9gales<\/h1>\n<p>Conform\u00e9ment aux dispositions de la loi n\u00b0 2004-575 du 21 juin 2004 pour la confiance en l\u2019\u00e9conomie num\u00e9rique, il est pr\u00e9cis\u00e9 aux utilisateurs du site halle-bo-marche.com l\u2019identit\u00e9 des diff\u00e9rents intervenants dans le cadre de sa r\u00e9alisation et de son suivi.<\/p>\n<h2>Edition du site<\/h2>\n<p>Le site halle-bo-marche.com est \u00e9dit\u00e9 par la soci\u00e9t\u00e9 CARE, soci\u00e9t\u00e9 par actions simplifi\u00e9e au capital de 1000,00 euros, dont le si\u00e8ge social est situ\u00e9 15 avenue Didier Daurat, 64140 Lons immatricul\u00e9e au Registre du Commerce et des Soci\u00e9t\u00e9s de Toulouse sous le num\u00e9ro 948 437 892.<\/p>\n<h2>Nous contacter<br \/>\n<\/h2>\n<p>T\u00e9l\u00e9phone : 06 51 20 19 72<\/p>\n<p>E-mail : contact@halle-bo-marche.com<\/p>\n<p>Courrier : 15 avenue Didier Daurat, 64140 Lons<\/p>\n<h2>Publication du site<\/h2>\n<p>Directeur de publication : Tom\u00eb Berishaj<\/p>\n<h2>H\u00e9bergeur<\/h2>\n<p>HOSTINGER operations, UAB<\/p>\n<p>Rue \u0160vitrigailos 34, 03230 Vilnius, Lituanie<\/p>\n<p>T\u00e9l\u00e9phone : +37064503378<\/p>\n<p>Email : domains@hostinger.com<\/p>\n","protected":false},"excerpt":{"rendered":"<p>Mentions L\u00e9gales Conform\u00e9ment aux dispositions de la loi n\u00b0 2004-575 du 21 juin 2004 pour la confiance en l\u2019\u00e9conomie num\u00e9rique, il est pr\u00e9cis\u00e9 aux utilisateurs du site halle-bo-marche.com l\u2019identit\u00e9 des diff\u00e9rents intervenants dans le cadre de sa r\u00e9alisation et de son suivi. Edition du site Le site halle-bo-marche.com est \u00e9dit\u00e9 par la soci\u00e9t\u00e9 CARE, soci\u00e9t\u00e9 [&hellip;]<\/p>\n","protected":false},"author":1,"featured_media":0,"parent":0,"menu_order":0,"comment_status":"closed","ping_status":"closed","template":"","meta":{"_uag_custom_page_level_css":"","site-sidebar-layout":"no-sidebar","site-content-layout":"page-builder","ast-site-content-layout":"full-width-container","site-content-style":"unboxed","site-sidebar-style":"unboxed","ast-global-header-display":"","ast-banner-title-visibility":"","ast-main-header-display":"","ast-hfb-above-header-display":"","ast-hfb-below-header-display":"","ast-hfb-mobile-header-display":"","site-post-title":"disabled","ast-breadcrumbs-content":"","ast-featured-img":"disabled","footer-sml-layout":"","ast-disable-related-posts":"","theme-transparent-header-meta":"","adv-header-id-meta":"","stick-header-meta":"","header-above-stick-meta":"","header-main-stick-meta":"","header-below-stick-meta":"","astra-migrate-meta-layouts":"set","ast-page-background-enabled":"default","ast-page-background-meta":{"desktop":{"background-color":"","background-image":"","background-repeat":"repeat","background-position":"center center","background-size":"auto","background-attachment":"scroll","background-type":"","background-media":"","overlay-type":"","overlay-color":"","overlay-opacity":"","overlay-gradient":""},"tablet":{"background-color":"","background-image":"","background-repeat":"repeat","background-position":"center center","background-size":"auto","background-attachment":"scroll","background-type":"","background-media":"","overlay-type":"","overlay-color":"","overlay-opacity":"","overlay-gradient":""},"mobile":{"background-color":"","background-image":"","background-repeat":"repeat","background-position":"center center","background-size":"auto","background-attachment":"scroll","background-type":"","background-media":"","overlay-type":"","overlay-color":"","overlay-opacity":"","overlay-gradient":""}},"ast-content-background-meta":{"desktop":{"background-color":"var(--ast-global-color-5)","background-image":"","background-repeat":"repeat","background-position":"center center","background-size":"auto","background-attachment":"scroll","background-type":"","background-media":"","overlay-type":"","overlay-color":"","overlay-opacity":"","overlay-gradient":""},"tablet":{"background-color":"var(--ast-global-color-5)","background-image":"","background-repeat":"repeat","background-position":"center center","background-size":"auto","background-attachment":"scroll","background-type":"","background-media":"","overlay-type":"","overlay-color":"","overlay-opacity":"","overlay-gradient":""},"mobile":{"background-color":"var(--ast-global-color-5)","background-image":"","background-repeat":"repeat","background-position":"center center","background-size":"auto","background-attachment":"scroll","background-type":"","background-media":"","overlay-type":"","overlay-color":"","overlay-opacity":"","overlay-gradient":""}},"footnotes":""},"class_list":["post-1162","page","type-page","status-publish","hentry"],"yoast_head":"<!-- This site is optimized with the Yoast SEO plugin v27.5 - https:\/\/yoast.com\/product\/yoast-seo-wordpress\/ -->\n<title>Mentions L\u00e9gales - Les Halles B\u00f4-March\u00e9<\/title>\n<meta name=\"robots\" content=\"index, follow, max-snippet:-1, max-image-preview:large, max-video-preview:-1\" \/>\n<link rel=\"canonical\" href=\"https:\/\/halle-bo-marche.com\/index.php\/mentions-legales\/\" \/>\n<meta property=\"og:locale\" content=\"fr_FR\" \/>\n<meta property=\"og:type\" content=\"article\" \/>\n<meta property=\"og:title\" content=\"Mentions L\u00e9gales - Les Halles B\u00f4-March\u00e9\" \/>\n<meta property=\"og:description\" content=\"Mentions L\u00e9gales Conform\u00e9ment aux dispositions de la loi n\u00b0 2004-575 du 21 juin 2004 pour la confiance en l\u2019\u00e9conomie num\u00e9rique, il est pr\u00e9cis\u00e9 aux utilisateurs du site halle-bo-marche.com l\u2019identit\u00e9 des diff\u00e9rents intervenants dans le cadre de sa r\u00e9alisation et de son suivi. Edition du site Le site halle-bo-marche.com est \u00e9dit\u00e9 par la soci\u00e9t\u00e9 CARE, soci\u00e9t\u00e9 [&hellip;]\" \/>\n<meta property=\"og:url\" content=\"https:\/\/halle-bo-marche.com\/index.php\/mentions-legales\/\" \/>\n<meta property=\"og:site_name\" content=\"Les Halles B\u00f4-March\u00e9\" \/>\n<meta property=\"article:modified_time\" content=\"2024-01-08T10:38:45+00:00\" \/>\n<meta name=\"twitter:card\" content=\"summary_large_image\" \/>\n<meta name=\"twitter:label1\" content=\"Dur\u00e9e de lecture estim\u00e9e\" \/>\n\t<meta name=\"twitter:data1\" content=\"1 minute\" \/>\n<script type=\"application\/ld+json\" class=\"yoast-schema-graph\">{\"@context\":\"https:\\\/\\\/schema.org\",\"@graph\":[{\"@type\":\"WebPage\",\"@id\":\"https:\\\/\\\/halle-bo-marche.com\\\/index.php\\\/mentions-legales\\\/\",\"url\":\"https:\\\/\\\/halle-bo-marche.com\\\/index.php\\\/mentions-legales\\\/\",\"name\":\"Mentions L\u00e9gales - Les Halles B\u00f4-March\u00e9\",\"isPartOf\":{\"@id\":\"https:\\\/\\\/halle-bo-marche.com\\\/#website\"},\"datePublished\":\"2023-12-24T10:26:29+00:00\",\"dateModified\":\"2024-01-08T10:38:45+00:00\",\"breadcrumb\":{\"@id\":\"https:\\\/\\\/halle-bo-marche.com\\\/index.php\\\/mentions-legales\\\/#breadcrumb\"},\"inLanguage\":\"fr-FR\",\"potentialAction\":[{\"@type\":\"ReadAction\",\"target\":[\"https:\\\/\\\/halle-bo-marche.com\\\/index.php\\\/mentions-legales\\\/\"]}]},{\"@type\":\"BreadcrumbList\",\"@id\":\"https:\\\/\\\/halle-bo-marche.com\\\/index.php\\\/mentions-legales\\\/#breadcrumb\",\"itemListElement\":[{\"@type\":\"ListItem\",\"position\":1,\"name\":\"Accueil\",\"item\":\"https:\\\/\\\/halle-bo-marche.com\\\/\"},{\"@type\":\"ListItem\",\"position\":2,\"name\":\"Mentions L\u00e9gales\"}]},{\"@type\":\"WebSite\",\"@id\":\"https:\\\/\\\/halle-bo-marche.com\\\/#website\",\"url\":\"https:\\\/\\\/halle-bo-marche.com\\\/\",\"name\":\"Les Halles B\u00f4-March\u00e9\",\"description\":\"Un espace convivial\",\"publisher\":{\"@id\":\"https:\\\/\\\/halle-bo-marche.com\\\/#organization\"},\"potentialAction\":[{\"@type\":\"SearchAction\",\"target\":{\"@type\":\"EntryPoint\",\"urlTemplate\":\"https:\\\/\\\/halle-bo-marche.com\\\/?s={search_term_string}\"},\"query-input\":{\"@type\":\"PropertyValueSpecification\",\"valueRequired\":true,\"valueName\":\"search_term_string\"}}],\"inLanguage\":\"fr-FR\"},{\"@type\":\"Organization\",\"@id\":\"https:\\\/\\\/halle-bo-marche.com\\\/#organization\",\"name\":\"Les Halles B\u00f4-March\u00e9\",\"url\":\"https:\\\/\\\/halle-bo-marche.com\\\/\",\"logo\":{\"@type\":\"ImageObject\",\"inLanguage\":\"fr-FR\",\"@id\":\"https:\\\/\\\/halle-bo-marche.com\\\/#\\\/schema\\\/logo\\\/image\\\/\",\"url\":\"https:\\\/\\\/halle-bo-marche.com\\\/wp-content\\\/uploads\\\/2025\\\/10\\\/cropped-cropped-Restaurant__5_-removebg-preview.png\",\"contentUrl\":\"https:\\\/\\\/halle-bo-marche.com\\\/wp-content\\\/uploads\\\/2025\\\/10\\\/cropped-cropped-Restaurant__5_-removebg-preview.png\",\"width\":318,\"height\":316,\"caption\":\"Les Halles B\u00f4-March\u00e9\"},\"image\":{\"@id\":\"https:\\\/\\\/halle-bo-marche.com\\\/#\\\/schema\\\/logo\\\/image\\\/\"}}]}<\/script>\n<!-- \/ Yoast SEO plugin. -->","yoast_head_json":{"title":"Mentions L\u00e9gales - Les Halles B\u00f4-March\u00e9","robots":{"index":"index","follow":"follow","max-snippet":"max-snippet:-1","max-image-preview":"max-image-preview:large","max-video-preview":"max-video-preview:-1"},"canonical":"https:\/\/halle-bo-marche.com\/index.php\/mentions-legales\/","og_locale":"fr_FR","og_type":"article","og_title":"Mentions L\u00e9gales - Les Halles B\u00f4-March\u00e9","og_description":"Mentions L\u00e9gales Conform\u00e9ment aux dispositions de la loi n\u00b0 2004-575 du 21 juin 2004 pour la confiance en l\u2019\u00e9conomie num\u00e9rique, il est pr\u00e9cis\u00e9 aux utilisateurs du site halle-bo-marche.com l\u2019identit\u00e9 des diff\u00e9rents intervenants dans le cadre de sa r\u00e9alisation et de son suivi. Edition du site Le site halle-bo-marche.com est \u00e9dit\u00e9 par la soci\u00e9t\u00e9 CARE, soci\u00e9t\u00e9 [&hellip;]","og_url":"https:\/\/halle-bo-marche.com\/index.php\/mentions-legales\/","og_site_name":"Les Halles B\u00f4-March\u00e9","article_modified_time":"2024-01-08T10:38:45+00:00","twitter_card":"summary_large_image","twitter_misc":{"Dur\u00e9e de lecture estim\u00e9e":"1 minute"},"schema":{"@context":"https:\/\/schema.org","@graph":[{"@type":"WebPage","@id":"https:\/\/halle-bo-marche.com\/index.php\/mentions-legales\/","url":"https:\/\/halle-bo-marche.com\/index.php\/mentions-legales\/","name":"Mentions L\u00e9gales - Les Halles B\u00f4-March\u00e9","isPartOf":{"@id":"https:\/\/halle-bo-marche.com\/#website"},"datePublished":"2023-12-24T10:26:29+00:00","dateModified":"2024-01-08T10:38:45+00:00","breadcrumb":{"@id":"https:\/\/halle-bo-marche.com\/index.php\/mentions-legales\/#breadcrumb"},"inLanguage":"fr-FR","potentialAction":[{"@type":"ReadAction","target":["https:\/\/halle-bo-marche.com\/index.php\/mentions-legales\/"]}]},{"@type":"BreadcrumbList","@id":"https:\/\/halle-bo-marche.com\/index.php\/mentions-legales\/#breadcrumb","itemListElement":[{"@type":"ListItem","position":1,"name":"Accueil","item":"https:\/\/halle-bo-marche.com\/"},{"@type":"ListItem","position":2,"name":"Mentions L\u00e9gales"}]},{"@type":"WebSite","@id":"https:\/\/halle-bo-marche.com\/#website","url":"https:\/\/halle-bo-marche.com\/","name":"Les Halles B\u00f4-March\u00e9","description":"Un espace convivial","publisher":{"@id":"https:\/\/halle-bo-marche.com\/#organization"},"potentialAction":[{"@type":"SearchAction","target":{"@type":"EntryPoint","urlTemplate":"https:\/\/halle-bo-marche.com\/?s={search_term_string}"},"query-input":{"@type":"PropertyValueSpecification","valueRequired":true,"valueName":"search_term_string"}}],"inLanguage":"fr-FR"},{"@type":"Organization","@id":"https:\/\/halle-bo-marche.com\/#organization","name":"Les Halles B\u00f4-March\u00e9","url":"https:\/\/halle-bo-marche.com\/","logo":{"@type":"ImageObject","inLanguage":"fr-FR","@id":"https:\/\/halle-bo-marche.com\/#\/schema\/logo\/image\/","url":"https:\/\/halle-bo-marche.com\/wp-content\/uploads\/2025\/10\/cropped-cropped-Restaurant__5_-removebg-preview.png","contentUrl":"https:\/\/halle-bo-marche.com\/wp-content\/uploads\/2025\/10\/cropped-cropped-Restaurant__5_-removebg-preview.png","width":318,"height":316,"caption":"Les Halles B\u00f4-March\u00e9"},"image":{"@id":"https:\/\/halle-bo-marche.com\/#\/schema\/logo\/image\/"}}]}},"uagb_featured_image_src":{"full":false,"thumbnail":false,"medium":false,"medium_large":false,"large":false,"1536x1536":false,"2048x2048":false},"uagb_author_info":{"display_name":"wangalexjia","author_link":"https:\/\/halle-bo-marche.com\/index.php\/author\/wangalexjia\/"},"uagb_comment_info":0,"uagb_excerpt":"Mentions L\u00e9gales Conform\u00e9ment aux dispositions de la loi n\u00b0 2004-575 du 21 juin 2004 pour la confiance en l\u2019\u00e9conomie num\u00e9rique, il est pr\u00e9cis\u00e9 aux utilisateurs du site halle-bo-marche.com l\u2019identit\u00e9 des diff\u00e9rents intervenants dans le cadre de sa r\u00e9alisation et de son suivi. Edition du site Le site halle-bo-marche.com est \u00e9dit\u00e9 par la soci\u00e9t\u00e9 CARE, soci\u00e9t\u00e9\u2026","_links":{"self":[{"href":"https:\/\/halle-bo-marche.com\/index.php\/wp-json\/wp\/v2\/pages\/1162","targetHints":{"allow":["GET"]}}],"collection":[{"href":"https:\/\/halle-bo-marche.com\/index.php\/wp-json\/wp\/v2\/pages"}],"about":[{"href":"https:\/\/halle-bo-marche.com\/index.php\/wp-json\/wp\/v2\/types\/page"}],"author":[{"embeddable":true,"href":"https:\/\/halle-bo-marche.com\/index.php\/wp-json\/wp\/v2\/users\/1"}],"replies":[{"embeddable":true,"href":"https:\/\/halle-bo-marche.com\/index.php\/wp-json\/wp\/v2\/comments?post=1162"}],"version-history":[{"count":5,"href":"https:\/\/halle-bo-marche.com\/index.php\/wp-json\/wp\/v2\/pages\/1162\/revisions"}],"predecessor-version":[{"id":1311,"href":"https:\/\/halle-bo-marche.com\/index.php\/wp-json\/wp\/v2\/pages\/1162\/revisions\/1311"}],"wp:attachment":[{"href":"https:\/\/halle-bo-marche.com\/index.php\/wp-json\/wp\/v2\/media?parent=1162"}],"curies":[{"name":"wp","href":"https:\/\/api.w.org\/{rel}","templated":true}]}}